{"id":113,"date":"2023-05-14T16:10:21","date_gmt":"2023-05-14T14:10:21","guid":{"rendered":"https:\/\/abinfinitus.com\/index.php\/services\/"},"modified":"2024-12-18T13:14:26","modified_gmt":"2024-12-18T12:14:26","slug":"usluge","status":"publish","type":"page","link":"https:\/\/abinfinitus.com\/index.php\/usluge\/","title":{"rendered":"Usluge"},"content":{"rendered":"\t\t<div data-elementor-type=\"wp-page\" data-elementor-id=\"113\" class=\"elementor elementor-113\">\n\t\t\t\t\t\t<section class=\"elementor-section elementor-top-section elementor-element elementor-element-1c6a0f65 elementor-section-height-min-height elementor-section-items-stretch elementor-section-content-middle elementor-section-boxed elementor-section-height-default\" data-id=\"1c6a0f65\" data-element_type=\"section\" data-e-type=\"section\" data-settings=\"{&quot;background_background&quot;:&quot;slideshow&quot;,&quot;background_slideshow_gallery&quot;:[{&quot;id&quot;:326,&quot;url&quot;:&quot;https:\\\/\\\/abinfinitus.com\\\/wp-content\\\/uploads\\\/2023\\\/05\\\/web-scaled.jpg&quot;}],&quot;background_slideshow_slide_duration&quot;:2000,&quot;background_slideshow_loop&quot;:&quot;yes&quot;,&quot;background_slideshow_slide_transition&quot;:&quot;fade&quot;,&quot;background_slideshow_transition_duration&quot;:500}\">\n\t\t\t\t\t\t<div class=\"elementor-container elementor-column-gap-no\">\n\t\t\t\t\t<div class=\"elementor-column elementor-col-100 elementor-top-column elementor-element elementor-element-bc8b05d\" data-id=\"bc8b05d\" data-element_type=\"column\" data-e-type=\"column\">\n\t\t\t<div class=\"elementor-widget-wrap elementor-element-populated\">\n\t\t\t\t\t\t<div class=\"elementor-element elementor-element-2470dfdf elementor-widget elementor-widget-heading\" data-id=\"2470dfdf\" data-element_type=\"widget\" data-e-type=\"widget\" data-widget_type=\"heading.default\">\n\t\t\t\t<div class=\"elementor-widget-container\">\n\t\t\t\t\t<h1 class=\"elementor-heading-title elementor-size-default\">Na\u0161e Usluge<\/h1>\t\t\t\t<\/div>\n\t\t\t\t<\/div>\n\t\t\t\t<div class=\"elementor-element elementor-element-6adf13ed elementor-widget-divider--view-line elementor-widget elementor-widget-divider\" data-id=\"6adf13ed\" data-element_type=\"widget\" data-e-type=\"widget\" data-widget_type=\"divider.default\">\n\t\t\t\t<div class=\"elementor-widget-container\">\n\t\t\t\t\t\t\t<div class=\"elementor-divider\">\n\t\t\t<span class=\"elementor-divider-separator\">\n\t\t\t\t\t\t<\/span>\n\t\t<\/div>\n\t\t\t\t\t\t<\/div>\n\t\t\t\t<\/div>\n\t\t\t\t<div class=\"elementor-element elementor-element-3be286e1 elementor-widget__width-initial elementor-widget-tablet__width-initial elementor-widget elementor-widget-heading\" data-id=\"3be286e1\" data-element_type=\"widget\" data-e-type=\"widget\" data-widget_type=\"heading.default\">\n\t\t\t\t<div class=\"elementor-widget-container\">\n\t\t\t\t\t<h5 class=\"elementor-heading-title elementor-size-default\">Obratite nam se s povjerenjem<br><\/h5>\t\t\t\t<\/div>\n\t\t\t\t<\/div>\n\t\t\t\t<div class=\"elementor-element elementor-element-59425dc elementor-button-success elementor-align-center elementor-mobile-align-center elementor-hidden-mobile elementor-invisible elementor-widget elementor-widget-button\" data-id=\"59425dc\" data-element_type=\"widget\" data-e-type=\"widget\" data-settings=\"{&quot;_animation&quot;:&quot;fadeInDown&quot;}\" data-widget_type=\"button.default\">\n\t\t\t\t<div class=\"elementor-widget-container\">\n\t\t\t\t\t\t\t\t\t<div class=\"elementor-button-wrapper\">\n\t\t\t\t\t<a class=\"elementor-button elementor-button-link elementor-size-sm\" href=\"https:\/\/abinfinitus.com\/index.php\/kontakt\/\">\n\t\t\t\t\t\t<span class=\"elementor-button-content-wrapper\">\n\t\t\t\t\t\t\t\t\t<span class=\"elementor-button-text\">Zatra\u017eite Ponudu<\/span>\n\t\t\t\t\t<\/span>\n\t\t\t\t\t<\/a>\n\t\t\t\t<\/div>\n\t\t\t\t\t\t\t\t<\/div>\n\t\t\t\t<\/div>\n\t\t\t\t\t<\/div>\n\t\t<\/div>\n\t\t\t\t\t<\/div>\n\t\t<\/section>\n\t\t\t\t<section class=\"elementor-section elementor-top-section elementor-element elementor-element-2d7330d3 elementor-section-height-min-height elementor-section-items-stretch elementor-section-content-middle elementor-section-boxed elementor-section-height-default\" data-id=\"2d7330d3\" data-element_type=\"section\" data-e-type=\"section\" id=\"service1\" data-settings=\"{&quot;background_background&quot;:&quot;classic&quot;}\">\n\t\t\t\t\t\t<div class=\"elementor-container elementor-column-gap-no\">\n\t\t\t\t\t<div class=\"elementor-column elementor-col-100 elementor-top-column elementor-element elementor-element-7a673841\" data-id=\"7a673841\" data-element_type=\"column\" data-e-type=\"column\">\n\t\t\t<div class=\"elementor-widget-wrap elementor-element-populated\">\n\t\t\t\t\t\t<div class=\"elementor-element elementor-element-1ad918f7 elementor-invisible elementor-widget elementor-widget-heading\" data-id=\"1ad918f7\" data-element_type=\"widget\" data-e-type=\"widget\" id=\"google-ads\" data-settings=\"{&quot;_animation&quot;:&quot;slideInLeft&quot;}\" data-widget_type=\"heading.default\">\n\t\t\t\t<div class=\"elementor-widget-container\">\n\t\t\t\t\t<h2 class=\"elementor-heading-title elementor-size-default\">Google Ads<\/h2>\t\t\t\t<\/div>\n\t\t\t\t<\/div>\n\t\t\t\t<div class=\"elementor-element elementor-element-d604206 elementor-widget__width-initial elementor-invisible elementor-widget elementor-widget-image\" data-id=\"d604206\" data-element_type=\"widget\" data-e-type=\"widget\" id=\"usluga1\" data-settings=\"{&quot;_animation&quot;:&quot;slideInRight&quot;}\" data-widget_type=\"image.default\">\n\t\t\t\t<div class=\"elementor-widget-container\">\n\t\t\t\t\t\t\t\t\t\t\t\t\t\t\t<img decoding=\"async\" src=\"https:\/\/abinfinitus.com\/wp-content\/uploads\/elementor\/thumbs\/google-ads-scaled-qyostg04a8j890tuzysbmzc0s91tnt2blahf4pwzi0.jpg\" title=\"google ads\" alt=\"google ads\" loading=\"lazy\" \/>\t\t\t\t\t\t\t\t\t\t\t\t\t\t\t<\/div>\n\t\t\t\t<\/div>\n\t\t\t\t<div class=\"elementor-element elementor-element-36fe8e34 elementor-widget-mobile__width-initial elementor-widget elementor-widget-text-editor\" data-id=\"36fe8e34\" data-element_type=\"widget\" data-e-type=\"widget\" data-widget_type=\"text-editor.default\">\n\t\t\t\t<div class=\"elementor-widget-container\">\n\t\t\t\t\t\t\t\t\t<p>Postoji vi\u0161e vrsta Google Oglasa:<\/p><ul><li>Tekstualni oglasi (Search Ads) -Oglas se prikazuje samo onim korisnicima u potrazi za proizvodima i uslugama koje Vi nudite te prilikom pretra\u017eivanja klju\u010dnih rije\u010di koje su implementirane u strukturu va\u0161eg oglasa<\/li><li>Display oglasi (Display Ads)- Slikovni oglasi koji se prikazuju na web stranicama i portalima koji su dio Google Adsense mre\u017ee. Ova vrsta oglasa ujedno moze poslu\u017eiti i za Google remarketing ogla\u0161avanje, odnosno ponovno ciljanje korisnika koji su ve\u0107 pokazali interes za va\u0161u web stranicu.<\/li><li>YouTube oglasi (Video Ads) &#8211; Ovaj tip oglasa se koristi za prikazivanje video oglasa na YouTube-u. Sami birate skupinu ljudi kojima se \u017eelite obratiti, ovisno o njihovom spolu, demografskim karakteristikama te interesima koje pokazuju prilikom kori\u0161tenja platforme.<\/li><li>Oglasi za aplikacije (Universal App Ads)- Ova vrsta oglasa se koristi za promoviranje aplikacija na Google Playu ili App Storeu.<\/li><li>Shopping oglasi (Shopping Ads)- Slu\u017ee za promociju va\u0161ih proizvoda. Oglasi se pozicioniraju na samom vrhu stranice iznad svih Google Search oglasa.\u00a0 Potencijalni kupac prilikom pretrage \u017eeljenih proizvoda ve\u0107 na samoj tra\u017eilici ima uvid u cijenu proizvoda, vizualni prikaz istog, kratki opis proizvoda, cijenu dostave te ostale dodatne elemente koji utje\u010du na kona\u010dnu odluku o kupnji.\u00a0<\/li><\/ul><div>\u00a0<\/div><p>Na\u0161a usluga obuhva\u0107a:<\/p><ul><li>Kreiranje Google Ads ra\u010duna<\/li><li>Definiranje stavki pla\u0107anja<\/li><li>Kreiranje kampanja<\/li><li>Definiranje\u00a0\u00a0pokazatelja\u00a0 uspj<wbr \/>e\u0161nosti kampanja<\/li><li>Kreiranje kodova za mjerenje konverzija te kodova za remarketing<\/li><li>Istra\u017eivanje i optimizaciju klju\u010dnih rijeci te dopunu negativnih klju\u010dnih rije\u010di<\/li><li>Optimizaciju oglasa<\/li><li>Pra\u0107enje u\u010dinkovitosti ogla\u0161avanja pomo\u0107u Google Analytics-a<\/li><li>Mjese\u010dno izvje\u0161tavanje o rezultatima kampanja\u00a0<\/li><\/ul>\t\t\t\t\t\t\t\t<\/div>\n\t\t\t\t<\/div>\n\t\t\t\t\t<\/div>\n\t\t<\/div>\n\t\t\t\t\t<\/div>\n\t\t<\/section>\n\t\t\t\t<section class=\"elementor-section elementor-top-section elementor-element elementor-element-78316943 elementor-section-height-min-height elementor-section-items-stretch elementor-section-content-middle elementor-section-boxed elementor-section-height-default\" data-id=\"78316943\" data-element_type=\"section\" data-e-type=\"section\" id=\"service2\" data-settings=\"{&quot;background_background&quot;:&quot;classic&quot;}\">\n\t\t\t\t\t\t<div class=\"elementor-container elementor-column-gap-no\">\n\t\t\t\t\t<div class=\"elementor-column elementor-col-100 elementor-top-column elementor-element elementor-element-77f2a65a\" data-id=\"77f2a65a\" data-element_type=\"column\" data-e-type=\"column\">\n\t\t\t<div class=\"elementor-widget-wrap elementor-element-populated\">\n\t\t\t\t\t\t<div class=\"elementor-element elementor-element-2089b9b2 elementor-invisible elementor-widget elementor-widget-heading\" data-id=\"2089b9b2\" data-element_type=\"widget\" data-e-type=\"widget\" id=\"social-media-marketing\" data-settings=\"{&quot;_animation&quot;:&quot;slideInLeft&quot;}\" data-widget_type=\"heading.default\">\n\t\t\t\t<div class=\"elementor-widget-container\">\n\t\t\t\t\t<h2 class=\"elementor-heading-title elementor-size-default\">Social Media Marketing<\/h2>\t\t\t\t<\/div>\n\t\t\t\t<\/div>\n\t\t\t\t<div class=\"elementor-element elementor-element-2a8f1aa elementor-invisible elementor-widget elementor-widget-image\" data-id=\"2a8f1aa\" data-element_type=\"widget\" data-e-type=\"widget\" data-settings=\"{&quot;_animation&quot;:&quot;slideInRight&quot;}\" data-widget_type=\"image.default\">\n\t\t\t\t<div class=\"elementor-widget-container\">\n\t\t\t\t\t\t\t\t\t\t\t\t\t\t\t<img decoding=\"async\" src=\"https:\/\/abinfinitus.com\/wp-content\/uploads\/elementor\/thumbs\/smm-1-scaled-qyostf2a3ehxxev85gdp2hkk6v6gg3yl95txnfydo8.jpg\" title=\"smm\" alt=\"smm\" loading=\"lazy\" \/>\t\t\t\t\t\t\t\t\t\t\t\t\t\t\t<\/div>\n\t\t\t\t<\/div>\n\t\t\t\t<div class=\"elementor-element elementor-element-4ef22579 elementor-widget elementor-widget-text-editor\" data-id=\"4ef22579\" data-element_type=\"widget\" data-e-type=\"widget\" data-widget_type=\"text-editor.default\">\n\t\t\t\t<div class=\"elementor-widget-container\">\n\t\t\t\t\t\t\t\t\t<p>Ogla\u0161avanje na dru\u0161tvenim mre\u017eama (eng. Social Media Marketing) je vrsta internet marketinga koja se slu\u017ei dru\u0161tvenim mre\u017eama kao marketin\u0161kim alatom.\u00a0 Svrha ovakvog na\u010dina ogla\u0161avanja je skratiti put do ciljane publike, pove\u0107ati broj posjeta va\u0161oj web stranici, osna\u017eiti prepoznatljivost brenda kroz kreiranje sadr\u017eaja\u00a0 na profilima razli\u010ditih dru\u0161tvenih mre\u017ea kako bi se va\u0161i proizvodi i usluge pribli\u017eili potencijalnim kupcima.\u00a0 Bez obzira kojem poslovnom segmentu va\u0161a djelatnost pripada\u00a0 na\u010din ogla\u0161avanja koji uistinu daje odli\u010dne rezultate je kombiniranje Facebook i Instagram oglasa.\u00a0<\/p><p>U AB Infinitus nudimo sljede\u0107e usluge:<\/p><ul><li>Kreiranje poslovnih profila na Facebooku i Instagramu i povezivanje istih<\/li><li>Kreiranje odre\u0111enog broja objava i story-a tjedno prema dogovorenom vremenu objavljivanja\u00a0<\/li><li>Kreiranje slikovnog i tekstualnog sadr\u017eaja na profilima dru\u0161tvenih mre\u017ea<\/li><li>Kreiranje i monta\u017ea kratkih videa i animacija (video objave, story-ji, reels-i)<\/li><li>Implementiranje oglasa na dru\u0161tvenim mre\u017eama<\/li><li>Segmentacija publike prema unaprijed definiranim kriterijima<\/li><li>Redovita analiza kampanja i provo\u0111enje aktivnosti\u00a0\u00a0koje imaju za cilj pove\u0107anje broja pratitelja (analiza hashtagova, giveaway akcije, pozivi za pra\u0107enje stranice i sl.)<\/li><li>Mjese\u010dno izvje\u0161tavanje o uspje\u0161nosti kampanja<\/li><\/ul>\t\t\t\t\t\t\t\t<\/div>\n\t\t\t\t<\/div>\n\t\t\t\t\t<\/div>\n\t\t<\/div>\n\t\t\t\t\t<\/div>\n\t\t<\/section>\n\t\t\t\t<section class=\"elementor-section elementor-top-section elementor-element elementor-element-22c1b5fe elementor-section-height-min-height elementor-section-items-stretch elementor-section-content-middle elementor-section-boxed elementor-section-height-default\" data-id=\"22c1b5fe\" data-element_type=\"section\" data-e-type=\"section\" id=\"service3\" data-settings=\"{&quot;background_background&quot;:&quot;classic&quot;}\">\n\t\t\t\t\t\t<div class=\"elementor-container elementor-column-gap-no\">\n\t\t\t\t\t<div class=\"elementor-column elementor-col-100 elementor-top-column elementor-element elementor-element-463b4a35\" data-id=\"463b4a35\" data-element_type=\"column\" data-e-type=\"column\">\n\t\t\t<div class=\"elementor-widget-wrap elementor-element-populated\">\n\t\t\t\t\t\t<div class=\"elementor-element elementor-element-54c1c0a2 elementor-invisible elementor-widget elementor-widget-heading\" data-id=\"54c1c0a2\" data-element_type=\"widget\" data-e-type=\"widget\" id=\"e-mail-marketing\" data-settings=\"{&quot;_animation&quot;:&quot;slideInLeft&quot;}\" data-widget_type=\"heading.default\">\n\t\t\t\t<div class=\"elementor-widget-container\">\n\t\t\t\t\t<h2 class=\"elementor-heading-title elementor-size-default\">E-mail Marketing<\/h2>\t\t\t\t<\/div>\n\t\t\t\t<\/div>\n\t\t\t\t<div class=\"elementor-element elementor-element-c34412e elementor-invisible elementor-widget elementor-widget-image\" data-id=\"c34412e\" data-element_type=\"widget\" data-e-type=\"widget\" data-settings=\"{&quot;_animation&quot;:&quot;slideInRight&quot;}\" data-widget_type=\"image.default\">\n\t\t\t\t<div class=\"elementor-widget-container\">\n\t\t\t\t\t\t\t\t\t\t\t\t\t\t\t<img decoding=\"async\" src=\"https:\/\/abinfinitus.com\/wp-content\/uploads\/elementor\/thumbs\/erica-steeves-G_lwAp0TF38-unsplash-scaled-qyostf2a3ehxxev85gdp2hkk6v6gg3yl95txnfydo8.jpg\" title=\"erica-steeves-G_lwAp0TF38-unsplash\" alt=\"erica-steeves-G_lwAp0TF38-unsplash\" loading=\"lazy\" \/>\t\t\t\t\t\t\t\t\t\t\t\t\t\t\t<\/div>\n\t\t\t\t<\/div>\n\t\t\t\t<div class=\"elementor-element elementor-element-5e253f48 elementor-widget elementor-widget-text-editor\" data-id=\"5e253f48\" data-element_type=\"widget\" data-e-type=\"widget\" data-widget_type=\"text-editor.default\">\n\t\t\t\t<div class=\"elementor-widget-container\">\n\t\t\t\t\t\t\t\t\t<p>Email marketing je dugoro\u010dno naju\u010dinkovitija i najisplativija vrsta digitalnog marketinga s najve\u0107om prosje\u010dnom stopom povrata na ulo\u017eeno. Razlika E-mail marketinga u odnosu na ostale vrste Internet marketinga je ta \u0161to njeguje personalizirani pristup korisnicima te se s potencijalnim i ve\u0107 postoje\u0107im kupcima uspostavlja dugotrajna i kvalitetna interakcija. Marketing funkcionira na na\u010din da se odre\u0111eni sadr\u017eaj plasira putem e-maila potencijalnim kupcima ili ve\u0107 postoje\u0107im kupcima. Tako\u0111er se kao i kod ostalih oblika marketinga vr\u0161i segmentiranje publike prema njihovim demografskim, geolokacijskim i sociolo\u0161kim obilje\u017ejima kao i prema kupovnim preferencijama.\u00a0<\/p><p>Vrste E-mail Marketinga:<\/p><ul><li>Newsletter- Newsletter je jedan od najpopularnijih oblika email marketinga. To je tekst koji sadr\u017ei informacije i odre\u0111ene novitete o va\u0161oj tvrtci i na\u010dinu poslovanja. Pravovremeno, plansko i kontinuirano slanje Newslettera osna\u017euje povezanost vas i va\u0161ih klijenata<\/li><\/ul><div>\u00a0<\/div><ul><li>Automatizirani E-mailovi- Automatizirani mailovi su mailovi koji slijede nakon odre\u0111ene akcije koju je korisnik izvr\u0161io na Va\u0161oj web stranici i temelj im je kupovni ciklus kupaca.\u00a0 Primjer automatiziranih mailova su mailovi dobrodo\u0161lice kao zahvala za izvr\u0161enu akciju na va\u0161oj web stranici, mailovi zahvale za obavljenu kupnju\/pretplatu, ro\u0111endanske \u010destitke, mailovi \u201cpodsjetnici\u201d na pripremljenu a nenapla\u0107enu online ko\u0161aricu i sl.<\/li><\/ul><div>\u00a0<\/div><p>AB Infinitus nudi usluge:<\/p><ul><li>Kreiranje dugoro\u010dne E-mail marketing\u00a0\u00a0strategije\u00a0<\/li><li>Implementacija liste pretplatnika te savjetovanje o na\u010dinu prikupljanja baze novih pretplatnika<\/li><li>Personalizacija te marketin\u0161ka segmentacija baze pretplatnika<\/li><li>Kreiranje predlo\u0161ka newslettera<\/li><li>Slanje Newslettera<\/li><li>Implementacija strategije automatiziranih mailova<\/li><\/ul>\t\t\t\t\t\t\t\t<\/div>\n\t\t\t\t<\/div>\n\t\t\t\t\t<\/div>\n\t\t<\/div>\n\t\t\t\t\t<\/div>\n\t\t<\/section>\n\t\t\t\t<section class=\"elementor-section elementor-top-section elementor-element elementor-element-11442351 elementor-section-height-min-height elementor-section-items-stretch elementor-section-content-middle elementor-section-boxed elementor-section-height-default\" data-id=\"11442351\" data-element_type=\"section\" data-e-type=\"section\" id=\"service4\" data-settings=\"{&quot;background_background&quot;:&quot;classic&quot;}\">\n\t\t\t\t\t\t<div class=\"elementor-container elementor-column-gap-no\">\n\t\t\t\t\t<div class=\"elementor-column elementor-col-100 elementor-top-column elementor-element elementor-element-6d44ca44\" data-id=\"6d44ca44\" data-element_type=\"column\" data-e-type=\"column\">\n\t\t\t<div class=\"elementor-widget-wrap elementor-element-populated\">\n\t\t\t\t\t\t<div class=\"elementor-element elementor-element-1a1e5eb2 elementor-invisible elementor-widget elementor-widget-heading\" data-id=\"1a1e5eb2\" data-element_type=\"widget\" data-e-type=\"widget\" id=\"web-development\" data-settings=\"{&quot;_animation&quot;:&quot;slideInLeft&quot;}\" data-widget_type=\"heading.default\">\n\t\t\t\t<div class=\"elementor-widget-container\">\n\t\t\t\t\t<h2 class=\"elementor-heading-title elementor-size-default\">Web Development<\/h2>\t\t\t\t<\/div>\n\t\t\t\t<\/div>\n\t\t\t\t<div class=\"elementor-element elementor-element-4c9bb73 elementor-invisible elementor-widget elementor-widget-image\" data-id=\"4c9bb73\" data-element_type=\"widget\" data-e-type=\"widget\" data-settings=\"{&quot;_animation&quot;:&quot;slideInRight&quot;}\" data-widget_type=\"image.default\">\n\t\t\t\t<div class=\"elementor-widget-container\">\n\t\t\t\t\t\t\t\t\t\t\t\t\t\t\t<img decoding=\"async\" src=\"https:\/\/abinfinitus.com\/wp-content\/uploads\/elementor\/thumbs\/web-2-scaled-qyostf2a3ehxxev85gdp2hkk6v6gg3yl95txnfydo8.jpg\" title=\"web 2\" alt=\"web 2\" loading=\"lazy\" \/>\t\t\t\t\t\t\t\t\t\t\t\t\t\t\t<\/div>\n\t\t\t\t<\/div>\n\t\t\t\t<div class=\"elementor-element elementor-element-1ae2bb4a elementor-widget elementor-widget-text-editor\" data-id=\"1ae2bb4a\" data-element_type=\"widget\" data-e-type=\"widget\" data-widget_type=\"text-editor.default\">\n\t\t\t\t<div class=\"elementor-widget-container\">\n\t\t\t\t\t\t\t\t\t<p>Bez obzira na veli\u010dinu va\u0161e tvrtke te obim poslovanja online prisutnost je neizostavan pokazatelj uspjeha poslovanja u dana\u0161nje vrijeme ukoliko \u017eelite biti i ostati prepoznati na tr\u017ei\u0161tu. Na\u0161 stru\u010dni tim nudi izradu tehni\u010dki funkcionalnih web stranica, estetski upe\u010datljivih te nadasve jednostavnih za kasnije samostalno odr\u017eavanje ukoliko je to \u017eelja na\u0161ih klijenata.<\/p>\n<p>Uz vlastitu web stranicu tvrtke kojima prodaja proizvoda predstavlja glavni ili pak sporedni segment poslovanja&nbsp; trebale bi imati i svoju online trgovinu, odnosno web shop. Popularnost web shopova je do\u017eivjela drasti\u010dnu ekspanziju 2020. godine koja i danas nastavlja linearni rast jer velika ve\u0107ina dana\u0161nje populacije, kako mla\u0111e tako i starije sve vi\u0161e preferira kupnju iz sigurnosti vlastitog doma uz po\u0161tivanje kriterija sigurnosti i privatnosti.<\/p>\n<p>AB Infinitus svojim klijentima nudi:<\/p>\n<ul>\n<li>Pomo\u0107 kod odabira&nbsp;&nbsp;naziva domene, registracije te hostinga domene<\/li>\n<li>Implementacija SSL certifikata u svrhu za\u0161tite podataka korisnika web shopa<\/li>\n<li>Izrada jedinstvene i funkcionalne web stranice u CMS sustavu<\/li>\n<li>Izrada web shopa modernog dizajna s intuitivnim su\u010deljem&nbsp;<\/li>\n<li>Implementacija sustava pla\u0107anja unutar web shopa<\/li>\n<li>Pomo\u0107 u kreiranju vizualnog identiteta tvrtke<\/li>\n<li>Javna objava sadr\u017eaja web stranice<\/li>\n<li>Optimizacija web stranice za Internet tra\u017eilice (SEO)<\/li>\n<li>Povezivanje web adrese sa servisima: Google Tag manager,&nbsp;&nbsp;Google Search Console te Google Analytics<\/li>\n<li>Analiza funkcioniranja web stranice i web shopa<\/li>\n<li>Odr\u017eavanje i a\u017euriranje web stranice<\/li>\n<li>Obuka klijenata za daljnje samostalno odr\u017eavanje web stranice\/ web shopa<\/li>\n<\/ul>\t\t\t\t\t\t\t\t<\/div>\n\t\t\t\t<\/div>\n\t\t\t\t\t<\/div>\n\t\t<\/div>\n\t\t\t\t\t<\/div>\n\t\t<\/section>\n\t\t\t\t<section class=\"elementor-section elementor-top-section elementor-element elementor-element-315f9480 elementor-section-boxed elementor-section-height-default elementor-section-height-default\" data-id=\"315f9480\" data-element_type=\"section\" data-e-type=\"section\" data-settings=\"{&quot;background_background&quot;:&quot;classic&quot;}\">\n\t\t\t\t\t\t<div class=\"elementor-container elementor-column-gap-default\">\n\t\t\t\t\t<div class=\"elementor-column elementor-col-100 elementor-top-column elementor-element elementor-element-26a01ae2\" data-id=\"26a01ae2\" data-element_type=\"column\" data-e-type=\"column\">\n\t\t\t<div class=\"elementor-widget-wrap elementor-element-populated\">\n\t\t\t\t\t\t<div class=\"elementor-element elementor-element-12338919 elementor-widget elementor-widget-heading\" data-id=\"12338919\" data-element_type=\"widget\" data-e-type=\"widget\" data-widget_type=\"heading.default\">\n\t\t\t\t<div class=\"elementor-widget-container\">\n\t\t\t\t\t<h2 class=\"elementor-heading-title elementor-size-default\">AB Infinitus<\/h2>\t\t\t\t<\/div>\n\t\t\t\t<\/div>\n\t\t\t\t<div class=\"elementor-element elementor-element-3bdafb0a elementor-widget elementor-widget-text-editor\" data-id=\"3bdafb0a\" data-element_type=\"widget\" data-e-type=\"widget\" data-widget_type=\"text-editor.default\">\n\t\t\t\t<div class=\"elementor-widget-container\">\n\t\t\t\t\t\t\t\t\t<p><strong>Va\u0161 vjerni partner na putu do cilja<\/strong><\/p>\t\t\t\t\t\t\t\t<\/div>\n\t\t\t\t<\/div>\n\t\t\t\t<div class=\"elementor-element elementor-element-5f295227 elementor-align-center elementor-button-success elementor-invisible elementor-widget elementor-widget-button\" data-id=\"5f295227\" data-element_type=\"widget\" data-e-type=\"widget\" data-settings=\"{&quot;_animation&quot;:&quot;fadeInDown&quot;}\" data-widget_type=\"button.default\">\n\t\t\t\t<div class=\"elementor-widget-container\">\n\t\t\t\t\t\t\t\t\t<div class=\"elementor-button-wrapper\">\n\t\t\t\t\t<a class=\"elementor-button elementor-button-link elementor-size-sm\" href=\"https:\/\/abinfinitus.com\/index.php\/kontakt\/\">\n\t\t\t\t\t\t<span class=\"elementor-button-content-wrapper\">\n\t\t\t\t\t\t\t\t\t<span class=\"elementor-button-text\">Kontaktirajte Nas<\/span>\n\t\t\t\t\t<\/span>\n\t\t\t\t\t<\/a>\n\t\t\t\t<\/div>\n\t\t\t\t\t\t\t\t<\/div>\n\t\t\t\t<\/div>\n\t\t\t\t\t<\/div>\n\t\t<\/div>\n\t\t\t\t\t<\/div>\n\t\t<\/section>\n\t\t\t\t<\/div>\n\t\t","protected":false},"excerpt":{"rendered":"<p>Na\u0161e Usluge Obratite nam se s povjerenjem Zatra\u017eite Ponudu Google Ads Postoji vi\u0161e vrsta Google Oglasa: Tekstualni oglasi (Search Ads) -Oglas se prikazuje samo onim korisnicima u potrazi za proizvodima i uslugama koje Vi nudite te prilikom pretra\u017eivanja klju\u010dnih rije\u010di koje su implementirane u strukturu va\u0161eg oglasa Display oglasi (Display Ads)- Slikovni oglasi koji se [&hellip;]<\/p>\n","protected":false},"author":2,"featured_media":0,"parent":0,"menu_order":0,"comment_status":"closed","ping_status":"open","template":"elementor_header_footer","meta":{"om_disable_all_campaigns":false,"_monsterinsights_skip_tracking":false,"_monsterinsights_sitenote_active":false,"_monsterinsights_sitenote_note":"","_monsterinsights_sitenote_category":0,"_uf_show_specific_survey":0,"_uf_disable_surveys":false,"footnotes":""},"class_list":["post-113","page","type-page","status-publish","hentry"],"aioseo_notices":[],"_links":{"self":[{"href":"https:\/\/abinfinitus.com\/index.php\/wp-json\/wp\/v2\/pages\/113"}],"collection":[{"href":"https:\/\/abinfinitus.com\/index.php\/wp-json\/wp\/v2\/pages"}],"about":[{"href":"https:\/\/abinfinitus.com\/index.php\/wp-json\/wp\/v2\/types\/page"}],"author":[{"embeddable":true,"href":"https:\/\/abinfinitus.com\/index.php\/wp-json\/wp\/v2\/users\/2"}],"replies":[{"embeddable":true,"href":"https:\/\/abinfinitus.com\/index.php\/wp-json\/wp\/v2\/comments?post=113"}],"version-history":[{"count":170,"href":"https:\/\/abinfinitus.com\/index.php\/wp-json\/wp\/v2\/pages\/113\/revisions"}],"predecessor-version":[{"id":1459,"href":"https:\/\/abinfinitus.com\/index.php\/wp-json\/wp\/v2\/pages\/113\/revisions\/1459"}],"wp:attachment":[{"href":"https:\/\/abinfinitus.com\/index.php\/wp-json\/wp\/v2\/media?parent=113"}],"curies":[{"name":"wp","href":"https:\/\/api.w.org\/{rel}","templated":true}]}}