{"id":3,"date":"2023-05-13T19:05:34","date_gmt":"2023-05-13T18:05:34","guid":{"rendered":"http:\/\/abinfinitus.com\/?page_id=3"},"modified":"2023-05-29T21:29:30","modified_gmt":"2023-05-29T20:29:30","slug":"politika-privatnosti","status":"publish","type":"page","link":"https:\/\/abinfinitus.com\/index.php\/politika-privatnosti\/","title":{"rendered":"Politika Privatnosti"},"content":{"rendered":"\t\t<div data-elementor-type=\"wp-page\" data-elementor-id=\"3\" class=\"elementor elementor-3\">\n\t\t\t\t\t\t<section class=\"elementor-section elementor-top-section elementor-element elementor-element-7bd73f71 elementor-section-boxed elementor-section-height-default elementor-section-height-default\" data-id=\"7bd73f71\" data-element_type=\"section\" data-e-type=\"section\" data-settings=\"{&quot;background_background&quot;:&quot;classic&quot;}\">\n\t\t\t\t\t\t<div class=\"elementor-container elementor-column-gap-default\">\n\t\t\t\t\t<div class=\"elementor-column elementor-col-100 elementor-top-column elementor-element elementor-element-67156737\" data-id=\"67156737\" data-element_type=\"column\" data-e-type=\"column\">\n\t\t\t<div class=\"elementor-widget-wrap elementor-element-populated\">\n\t\t\t\t\t\t<div class=\"elementor-element elementor-element-3faa9ee elementor-widget elementor-widget-heading\" data-id=\"3faa9ee\" data-element_type=\"widget\" data-e-type=\"widget\" data-widget_type=\"heading.default\">\n\t\t\t\t<div class=\"elementor-widget-container\">\n\t\t\t\t\t<h1 class=\"elementor-heading-title elementor-size-default\">Politika Privatnosti<\/h1>\t\t\t\t<\/div>\n\t\t\t\t<\/div>\n\t\t\t\t<div class=\"elementor-element elementor-element-14e9b4a3 elementor-widget elementor-widget-text-editor\" data-id=\"14e9b4a3\" data-element_type=\"widget\" data-e-type=\"widget\" data-widget_type=\"text-editor.default\">\n\t\t\t\t<div class=\"elementor-widget-container\">\n\t\t\t\t\t\t\t\t\t<p><\/p>\n<h2 class=\"wp-block-heading\">Tko smo mi<\/h2>\n<p>Mi smo AB Infinitus, Agencija za digitalni marketing. Na\u0161a web stranica je https:\/\/abinfinitus.com. Mi smo voditelj obrade Va\u0161ih osobnih podataka.<\/p>\n<p><\/p>\n<p>Po\u0161tujemo Va\u0161u privatnost i sigurnost Va\u0161ih osobnih podataka. Prikupljanje, kori\u0161tenje i obrada Va\u0161ih osobnih podataka provodi se u skladu s ovom Politikom privatnosti te odredbama Zakona o za\u0161titi privatnih podataka (NN 103\/03, 118\/06, 41\/08, 130\/11, 106\/12) te ostalih\u00a0 va\u017ee\u0107ih propisa primjenjivih u Republici Hrvatskoj, koji ure\u0111uju za\u0161titu osobnih podataka.<\/p>\n<p>Ukoliko imate bilo kakvo pitanje u vezi s prikupljanjem Va\u0161ih osobnih podataka slobodno se obratite na info@abinfinitus.com<\/p>\n<h2>Koju vrstu osobnih podataka prikupljamo<\/h2>\n<p>Osobni podaci koje prikupljamo su prvenstveno Va\u0161i osnovni osobni podaci (ime, prezime,\u00a0 kontakt podaci ) za koje dobijemo Va\u0161u privolu\u00a0 kada poka\u017eete interes za nama\u00a0 ili na\u0161im\u00a0 uslugama. Va\u0161im podacima pristup ima samo\u00a0 vlasnik i zaposlenici AB Infinitus-a, obrta za usluge digitalnog marketinga.<\/p>\n<p>Molimo Vas da svi\u00a0 osobni podaci koje nam dostavljate\u00a0 budu\u00a0 istiniti, potpuni i to\u010dni\u00a0 te nas molimo obavijestite o bilo kakvim naknadnim promjenama istih.<\/p>\n<h2>Na koji na\u010din prikupljamo Va\u0161e osobne podatke<\/h2>\n<p>AB Infinitus prikuplja Va\u0161e osobne podatke kako bismo Vam mogli pru\u017eiti \u017eeljenu uslugu ili saznati vi\u0161e informacija o tra\u017eenoj usluzi. Va\u0161e osobne podatke ne dijelimo, ne distribuiramo u komercijalnu svrhu\u00a0 i ne otkrivamo nikome, osim iznimno\u00a0 u slu\u010dajevima kada je to potrebno radi ispunjavanja odre\u0111enih zakonskih obveza. Na web stranici potvr\u0111ujete to\u010dnost informacija koje ste nam dali i iskazujete\u00a0 suglasnost\u00a0 sa svim odredbama na\u0161e Politike privatnosti. Tijekom definiranog razdoblja \u010duvanja Va\u0161ih osobnih podataka u na\u0161oj evidenciji, provodimo odre\u0111ene mjere za\u0161tite podataka kako bi se osigurala njihova sigurnost. U svakom trenutku imate mogu\u0107nost\u00a0 povu\u0107i svoju dobrovoljnu privolu\u00a0 kori\u0161tenju osobnih podataka nakon \u010dega \u0107e se Va\u0161i podaci koristiti isklju\u010divo u svrhu interne statisti\u010dke obrade podataka i biti \u0107e anonimni. Va\u0161a privatnost je od velike va\u017enosti za nas, stoga u svakom trenutku imate pravo tra\u017eiti brisanje Va\u0161ih osobnih podataka. Tako\u0111er mo\u017eete zatra\u017eiti brisanje Va\u0161ih osobnih podataka i isti \u0107e biti izbrisani\u00a0 najkasnije u roku od mjesec dana.\u00a0<\/p>\n<h2>Svrha obrade podataka<\/h2>\n<p>Va\u0161i osobni podaci se upotrebljavaju u svrhu pribavljanje usluga koje nudi AB Infinitus, izrade razli\u010ditih stati\u010dkih izvje\u0161\u0107a te za izra\u010dun raznih pokazatelja uspje\u0161nosti. Nadalje koriste se za kvalitetno odr\u017eavanje i razvoj interakcije s klijentima, za prevencije i otklanjanje bilo kakvih poku\u0161aja zlouporabe osobnih podataka te uz ostale svrhe koje proizlaze iz raznih zakonskih odredbi.<\/p>\n<h2>Tko ima pristup Va\u0161im osobnim podacima<\/h2>\n<p>Zadatak ABInfinitus-a je pobrinuti se da se\u00a0 Va\u0161i osobni podaci obra\u0111uju samo u skladu s gore navedenom svrhom, a pristup va\u0161im podacima \u0107e imati\u00a0 samo odre\u0111eni zaposlenici i vlasnik AB Infinitus., obrta za usluge digitalnog marketinga. Svi osobni podaci \u0107e biti prikupljani, koris\u0161teni i obra\u0111ivani prema unaprijed definiranim internim uputama AB Infinitus-a.<\/p>\n<h2>Gdje i na koji na\u010din \u0107e Va\u0161i osobni podaci biti \u010duvani i obra\u0111ivani<\/h2>\n<p>Va\u0161i osobni podaci koje nam pod privolom dostavite biti \u0107e obra\u0111ivani isklju\u010divo od strane izvr\u0161itelja obrade unutar Europskog gospodarskog podru\u010dja (EGP) u skladu sa svrhom obra\u0111ivanja te ugovornim odnosom koji definira njihovu odgovornost i obvezu za\u0161tite va\u0161ih osobnih podataka i o\u010duvanja njihove povjerljivosti, te u skladu sa svim tehni\u010dkim i organizacijskim mjerama i zakonskim propisima koji reguliraju za\u0161titu podataka. Va\u0161i osobni podaci ne\u0107e biti dostupni tre\u0107im stranama bez dopu\u0161tenja AB Infinitus-a.<\/p>\n<h2>Koliko dugo pohranjujemo Va\u0161e osobne podatke<\/h2>\n<p>Va\u0161e osobne podatke pohranjujemo i koristimo kroz vremenski period\u00a0 koji\u00a0 je nu\u017ean za izvr\u0161enje odre\u0111ene legitimne svrhe, osim ako va\u017ee\u0107im propisima nije za pojedinu svrhu predvi\u0111eno du\u017ee vrijeme \u010duvanja. U slu\u010daju Va\u0161e dobivene privole za marketing podatke \u010duvamo onoliko dugo dok se privola ne povu\u010de. U slu\u010daju odbijenih ponuda, gdje nije dana privola za marketing, podatke vezane uz ponudu \u010duvamo godinu dana, a u slu\u010daju da od nas\u00a0 zatra\u017eite brisanje, isti \u0107e biti odmah izbrisani u najkasnijem roku od mjesec dana.<\/p>\n<p>\u00a0<\/p>\n<p>\u00a0<\/p>\n<p><\/p>\n<p><\/p>\n<p><\/p>\n<p><\/p>\n<p><\/p>\n<p><\/p>\n<p><\/p>\n<p><\/p>\n<p><\/p>\n<p><\/p>\n<p><\/p>\n<p><\/p>\n<p><\/p>\n<p><\/p>\n<p><\/p>\n<p><\/p>\t\t\t\t\t\t\t\t<\/div>\n\t\t\t\t<\/div>\n\t\t\t\t\t<\/div>\n\t\t<\/div>\n\t\t\t\t\t<\/div>\n\t\t<\/section>\n\t\t\t\t<section class=\"elementor-section elementor-top-section elementor-element elementor-element-dce67a9 elementor-section-boxed elementor-section-height-default elementor-section-height-default\" data-id=\"dce67a9\" data-element_type=\"section\" data-e-type=\"section\" data-settings=\"{&quot;background_background&quot;:&quot;classic&quot;}\">\n\t\t\t\t\t\t<div class=\"elementor-container elementor-column-gap-default\">\n\t\t\t\t\t<div class=\"elementor-column elementor-col-100 elementor-top-column elementor-element elementor-element-6ade2c8\" data-id=\"6ade2c8\" data-element_type=\"column\" data-e-type=\"column\">\n\t\t\t<div class=\"elementor-widget-wrap elementor-element-populated\">\n\t\t\t\t\t\t<div class=\"elementor-element elementor-element-8ed0355 elementor-widget elementor-widget-heading\" data-id=\"8ed0355\" data-element_type=\"widget\" data-e-type=\"widget\" data-widget_type=\"heading.default\">\n\t\t\t\t<div class=\"elementor-widget-container\">\n\t\t\t\t\t<h1 class=\"elementor-heading-title elementor-size-default\">Postavke Kola\u010di\u0107a<\/h1>\t\t\t\t<\/div>\n\t\t\t\t<\/div>\n\t\t\t\t<div class=\"elementor-element elementor-element-2454bb2 elementor-widget elementor-widget-text-editor\" data-id=\"2454bb2\" data-element_type=\"widget\" data-e-type=\"widget\" data-widget_type=\"text-editor.default\">\n\t\t\t\t<div class=\"elementor-widget-container\">\n\t\t\t\t\t\t\t\t\t<p><\/p>\n<h2 class=\"wp-block-heading\">\u0160to su Kola\u010di\u0107i<\/h2>\n<p>Kola\u010di\u0107i (eng. Cookies) su male tekstualne datoteke koje se koriste za pohranu malih dijelova informacija. Kola\u010di\u0107i se pohranjuju na Va\u0161 ure\u0111aj kada se web stranica u\u010dita u va\u0161 preglednik. Web stranice pomo\u0107u kola\u010di\u0107a mogu zapamtiti Va\u0161e aktivnosti ili postavke i sljede\u0107i puta kada posjetite istu stranicu mogu ih automatski primijeniti.<\/p>\n<h2>Vrste Kola\u010di\u0107a<\/h2>\n<p>Kola\u010di\u0107i sesije- privremeni kola\u010di\u0107i koji istje\u010du kada napustite web stranicu<\/p>\n<p>&nbsp;Trajni kola\u010di\u0107i- ostaju u kola\u010di\u0107 datoteci Va\u0161eg preglednika du\u017ee vrijeme. Taj vremenski period ovisi o izboru postavki na Va\u0161em Internet pregledniku.&nbsp;<\/p>\n<p>Kola\u010di\u0107i prve strane- slu\u017ee za pravilno funkcioniranje web stranice te za memoriranje Va\u0161ih preferencija.<\/p>\n<p>Kola\u010di\u0107i tre\u0107e strane- instalirani od strane druge web stranice&nbsp; kao \u0161to je npr. YouTube, Google Analytics i sl.. AB Infinitus nema pristup ni kontrolu nad tim kola\u010di\u0107ima.&nbsp;<\/p>\n<h2>Kako koristimo Kola\u010di\u0107e<\/h2>\n<p>AB Infinitus koristi kola\u010di\u0107e&nbsp; prve i tre\u0107e strane u razli\u010dite&nbsp; svrhe. Kola\u010di\u0107i prve strane&nbsp; su potrebni da web stranica mo\u017ee&nbsp; ispravno funkcionirati te oni ne prikupljaju&nbsp; Va\u0161e osobne podatke. Kola\u010di\u0107i tre\u0107e strane su oni&nbsp; koje su izradile ostale web-lokacije. Te web-lokacije posjeduju dio sadr\u017eaja koji se nalazi na stranici, primjerice oglase ili slike.<\/p>\n<h2>Kako onemogu\u0107iti Kola\u010di\u0107e<\/h2>\n<p>Postavke kola\u010di\u0107a mogu se kontrolirati i konfigurirati u va\u0161em web pregledniku. Ako onemogu\u0107ite kola\u010di\u0107e tada ne\u0107ete mo\u0107i koristiti neke od funkcionalnosti na web stranicama.<\/p>\n<h2>Koristi li AB Infinitus Kola\u010di\u0107e<\/h2>\n<p>Da, s ciljem da Vam na\u0161a web stranica pru\u017ei bolje korisni\u010dko iskustvo.<\/p>\n<h2>Koje Kola\u010di\u0107e koristimo<\/h2>\n<p>AB Infinitus koristi privremene i trajne kola\u010di\u0107e te kola\u010di\u0107e prve i tre\u0107ih strana s ciljem da mo\u017eemo bolje razumjeti preferencije i navike na\u0161ih korisnika te vode\u0107i se njima prilago\u0111avati na\u0161u web stranicu.<\/p>\n<p><\/p>\n<p><\/p>\n<p><\/p>\n<p><\/p>\n<p><\/p>\n<p><\/p>\n<p><\/p>\n<p><\/p>\n<p><\/p>\n<p><\/p>\n<p><\/p>\n<p><\/p>\n<p><\/p>\n<p><\/p>\n<p><\/p>\n<p><\/p>\n<p><\/p>\t\t\t\t\t\t\t\t<\/div>\n\t\t\t\t<\/div>\n\t\t\t\t\t<\/div>\n\t\t<\/div>\n\t\t\t\t\t<\/div>\n\t\t<\/section>\n\t\t\t\t<\/div>\n\t\t","protected":false},"excerpt":{"rendered":"<p>Politika Privatnosti Tko smo mi Mi smo AB Infinitus, Agencija za digitalni marketing. Na\u0161a web stranica je https:\/\/abinfinitus.com. Mi smo voditelj obrade Va\u0161ih osobnih podataka. Po\u0161tujemo Va\u0161u privatnost i sigurnost Va\u0161ih osobnih podataka. Prikupljanje, kori\u0161tenje i obrada Va\u0161ih osobnih podataka provodi se u skladu s ovom Politikom privatnosti te odredbama Zakona o za\u0161titi privatnih podataka [&hellip;]<\/p>\n","protected":false},"author":2,"featured_media":0,"parent":0,"menu_order":0,"comment_status":"closed","ping_status":"open","template":"","meta":{"om_disable_all_campaigns":false,"_monsterinsights_skip_tracking":false,"_monsterinsights_sitenote_active":false,"_monsterinsights_sitenote_note":"","_monsterinsights_sitenote_category":0,"_uf_show_specific_survey":0,"_uf_disable_surveys":false,"footnotes":""},"class_list":["post-3","page","type-page","status-publish","hentry"],"aioseo_notices":[],"_links":{"self":[{"href":"https:\/\/abinfinitus.com\/index.php\/wp-json\/wp\/v2\/pages\/3"}],"collection":[{"href":"https:\/\/abinfinitus.com\/index.php\/wp-json\/wp\/v2\/pages"}],"about":[{"href":"https:\/\/abinfinitus.com\/index.php\/wp-json\/wp\/v2\/types\/page"}],"author":[{"embeddable":true,"href":"https:\/\/abinfinitus.com\/index.php\/wp-json\/wp\/v2\/users\/2"}],"replies":[{"embeddable":true,"href":"https:\/\/abinfinitus.com\/index.php\/wp-json\/wp\/v2\/comments?post=3"}],"version-history":[{"count":53,"href":"https:\/\/abinfinitus.com\/index.php\/wp-json\/wp\/v2\/pages\/3\/revisions"}],"predecessor-version":[{"id":1169,"href":"https:\/\/abinfinitus.com\/index.php\/wp-json\/wp\/v2\/pages\/3\/revisions\/1169"}],"wp:attachment":[{"href":"https:\/\/abinfinitus.com\/index.php\/wp-json\/wp\/v2\/media?parent=3"}],"curies":[{"name":"wp","href":"https:\/\/api.w.org\/{rel}","templated":true}]}}